{"id":12,"date":"2012-04-20T19:14:53","date_gmt":"2012-04-20T19:14:53","guid":{"rendered":"http:\/\/butcher.home.pl\/dyga-v2\/?page_id=12"},"modified":"2016-05-28T17:26:27","modified_gmt":"2016-05-28T17:26:27","slug":"strona-glowna","status":"publish","type":"page","link":"https:\/\/www.dyga.pl\/","title":{"rendered":"Strona g\u0142\u00f3wna"},"content":{"rendered":"<h2>Witamy na stronie internetowej firmy &#8220;Bramy Dyga&#8221;<\/h2>\n<p>Firma istnieje ponad 100 lat i bazuje na do\u015bwiadczeniach przekazywanych z ojca na syna. Wieloletnie do\u015bwiadczenie w produkcji i monta\u017cu bram, ogrodze\u0144, balustrad pozwala realizowa\u0107 zlecenia, w kt\u00f3rych staramy si\u0119 sprosta\u0107 indywidualnym potrzebom ka\u017cdego klienta. Nasze wyroby zdecydowanie poprawiaj\u0105 wygl\u0105d Pa\u0144stwa posesji, nadaj\u0105c jej elegancj\u0119 i presti\u017c.<\/p>\n","protected":false},"excerpt":{"rendered":"<p>Witamy na stronie internetowej firmy &#8220;Bramy Dyga&#8221; Firma istnieje ponad 100 lat i bazuje na do\u015bwiadczeniach przekazywanych z ojca na syna. Wieloletnie do\u015bwiadczenie w produkcji i monta\u017cu bram, ogrodze\u0144, balustrad pozwala realizowa\u0107 zlecenia, w kt\u00f3rych staramy si\u0119 sprosta\u0107 indywidualnym potrzebom ka\u017cdego klienta. Nasze wyroby zdecydowanie poprawiaj\u0105 wygl\u0105d Pa\u0144stwa posesji, nadaj\u0105c jej elegancj\u0119 i presti\u017c.<\/p>\n","protected":false},"author":1,"featured_media":0,"parent":0,"menu_order":0,"comment_status":"open","ping_status":"closed","template":"","meta":{"ngg_post_thumbnail":0},"yoast_head":"<!-- This site is optimized with the Yoast SEO plugin v15.8 - https:\/\/yoast.com\/wordpress\/plugins\/seo\/ -->\n<title>Strona g\u0142\u00f3wna - Bramy Dyga<\/title>\n<meta name=\"robots\" content=\"index, follow, max-snippet:-1, max-image-preview:large, max-video-preview:-1\" \/>\n<link rel=\"canonical\" href=\"https:\/\/www.dyga.pl\/\" \/>\n<meta property=\"og:locale\" content=\"pl_PL\" \/>\n<meta property=\"og:type\" content=\"article\" \/>\n<meta property=\"og:title\" content=\"Strona g\u0142\u00f3wna - Bramy Dyga\" \/>\n<meta property=\"og:description\" content=\"Witamy na stronie internetowej firmy &#8220;Bramy Dyga&#8221; Firma istnieje ponad 100 lat i bazuje na do\u015bwiadczeniach przekazywanych z ojca na syna. Wieloletnie do\u015bwiadczenie w produkcji i monta\u017cu bram, ogrodze\u0144, balustrad pozwala realizowa\u0107 zlecenia, w kt\u00f3rych staramy si\u0119 sprosta\u0107 indywidualnym potrzebom ka\u017cdego klienta. Nasze wyroby zdecydowanie poprawiaj\u0105 wygl\u0105d Pa\u0144stwa posesji, nadaj\u0105c jej elegancj\u0119 i presti\u017c.\" \/>\n<meta property=\"og:url\" content=\"https:\/\/www.dyga.pl\/\" \/>\n<meta property=\"og:site_name\" content=\"Bramy Dyga\" \/>\n<meta property=\"article:modified_time\" content=\"2016-05-28T17:26:27+00:00\" \/>\n<meta name=\"twitter:card\" content=\"summary_large_image\" \/>\n<script type=\"application\/ld+json\" class=\"yoast-schema-graph\">{\"@context\":\"https:\/\/schema.org\",\"@graph\":[{\"@type\":\"WebSite\",\"@id\":\"https:\/\/www.dyga.pl\/#website\",\"url\":\"https:\/\/www.dyga.pl\/\",\"name\":\"Bramy Dyga\",\"description\":\"Witamy na oficjalnej stronie firmy BRAMY DYGA. Od przesz\\u0142o 120 lat korzystaj\\u0105c z do\\u015bwiadczenia zdobytego przez ten czas zajmujemy si\\u0119 profesjonaln\\u0105 i kompleksow\\u0105 produkcj\\u0105 i monta\\u017cem ogrodze\\u0144, balustrad, bram i automatyki do bram.\",\"potentialAction\":[{\"@type\":\"SearchAction\",\"target\":\"https:\/\/www.dyga.pl\/?s={search_term_string}\",\"query-input\":\"required name=search_term_string\"}],\"inLanguage\":\"pl-PL\"},{\"@type\":\"WebPage\",\"@id\":\"https:\/\/www.dyga.pl\/#webpage\",\"url\":\"https:\/\/www.dyga.pl\/\",\"name\":\"Strona g\\u0142\\u00f3wna - Bramy Dyga\",\"isPartOf\":{\"@id\":\"https:\/\/www.dyga.pl\/#website\"},\"datePublished\":\"2012-04-20T19:14:53+00:00\",\"dateModified\":\"2016-05-28T17:26:27+00:00\",\"breadcrumb\":{\"@id\":\"https:\/\/www.dyga.pl\/#breadcrumb\"},\"inLanguage\":\"pl-PL\",\"potentialAction\":[{\"@type\":\"ReadAction\",\"target\":[\"https:\/\/www.dyga.pl\/\"]}]},{\"@type\":\"BreadcrumbList\",\"@id\":\"https:\/\/www.dyga.pl\/#breadcrumb\",\"itemListElement\":[{\"@type\":\"ListItem\",\"position\":1,\"item\":{\"@type\":\"WebPage\",\"@id\":\"https:\/\/www.dyga.pl\/\",\"url\":\"https:\/\/www.dyga.pl\/\",\"name\":\"Strona g\\u0142\\u00f3wna\"}},{\"@type\":\"ListItem\",\"position\":2,\"item\":{\"@type\":\"WebPage\",\"@id\":\"https:\/\/www.dyga.pl\/\",\"url\":\"https:\/\/www.dyga.pl\/\",\"name\":\"Strona g\\u0142\\u00f3wna\"}}]}]}<\/script>\n<!-- \/ Yoast SEO plugin. -->","_links":{"self":[{"href":"https:\/\/www.dyga.pl\/index.php\/wp-json\/wp\/v2\/pages\/12"}],"collection":[{"href":"https:\/\/www.dyga.pl\/index.php\/wp-json\/wp\/v2\/pages"}],"about":[{"href":"https:\/\/www.dyga.pl\/index.php\/wp-json\/wp\/v2\/types\/page"}],"author":[{"embeddable":true,"href":"https:\/\/www.dyga.pl\/index.php\/wp-json\/wp\/v2\/users\/1"}],"replies":[{"embeddable":true,"href":"https:\/\/www.dyga.pl\/index.php\/wp-json\/wp\/v2\/comments?post=12"}],"version-history":[{"count":20,"href":"https:\/\/www.dyga.pl\/index.php\/wp-json\/wp\/v2\/pages\/12\/revisions"}],"predecessor-version":[{"id":961,"href":"https:\/\/www.dyga.pl\/index.php\/wp-json\/wp\/v2\/pages\/12\/revisions\/961"}],"wp:attachment":[{"href":"https:\/\/www.dyga.pl\/index.php\/wp-json\/wp\/v2\/media?parent=12"}],"curies":[{"name":"wp","href":"https:\/\/api.w.org\/{rel}","templated":true}]}}